{"id":134,"date":"2021-03-25T08:25:43","date_gmt":"2021-03-25T07:25:43","guid":{"rendered":"https:\/\/testowa.zs3piaseczno.pl\/?page_id=134"},"modified":"2021-03-25T15:50:03","modified_gmt":"2021-03-25T14:50:03","slug":"wirtualny-spacer","status":"publish","type":"page","link":"https:\/\/testowa.zs3piaseczno.pl\/?page_id=134","title":{"rendered":"Wirtualny spacer"},"content":{"rendered":"\n<figure class=\"wp-block-embed aligncenter is-type-video is-provider-youtube wp-block-embed-youtube wp-embed-aspect-16-9 wp-has-aspect-ratio\"><div class=\"wp-block-embed__wrapper\">\n<iframe loading=\"lazy\" title=\"Zesp\u00f3\u0142 Szk\u00f3\u0142 Nr 3\" width=\"500\" height=\"281\" src=\"https:\/\/www.youtube.com\/embed\/AjVbBdQLecM?feature=oembed\" frameborder=\"0\" allow=\"accelerometer; autoplay; clipboard-write; encrypted-media; gyroscope; picture-in-picture\" allowfullscreen><\/iframe>\n<\/div><\/figure>\n\n\n<p>\u00a0<\/p>\n<article>\n<p style=\"text-align: center;\"><strong>Szanowni Rodzice, drodzy Kandydaci<\/strong><\/p>\n<p style=\"text-align: center;\"><strong>25 marca 2021 r. od godz. 16:00<\/strong><\/p>\n<p style=\"text-align: center;\"><strong>zapraszamy na<\/strong><\/p>\n<p style=\"text-align: center;\"><strong>WIRTUALNY DZIE\u0143 OTWARTY<\/strong><\/p>\n<\/article>\n<p style=\"text-align: center;\">Z powodu pandemii nie mo\u017cemy niestety<br \/>spotka\u0107 si\u0119 z Wami podczas dnia otwartego w budynku naszej szko\u0142y.<br \/>Dlatego chcieliby\u015bmy przybli\u017cy\u0107 Wam nasz\u0105 szko\u0142\u0119 w spos\u00f3b wirtualny, na<br \/>szkolnej stronie<\/p>\n<p style=\"text-align: center;\"><strong><a href=\"https:\/\/drive.google.com\/file\/d\/1TapXLaxOamIH7pi59CWVhx4DQuR-a-m1\/view\">https:\/\/zs3piaseczno.pl\/kandydat\/<\/a><\/strong><\/p>\n<p style=\"text-align: center;\">Tego dnia<br \/>zapraszamy na premier\u0119 filmu \u201eZesp\u00f3\u0142 Szk\u00f3\u0142 Nr 3 \u2013 Twoja Szko\u0142a\u201d.<br \/>Zapraszamy tak\u017ce do obejrzenia prezentacji o kierunkach kszta\u0142cenia i<br \/>zasadach rekrutacji w naszej szkole.<\/p>\n<p style=\"text-align: center;\">Ju\u017c teraz zach\u0119camy do zadawania pyta\u0144 pod adresem mailowym <strong>pytania@zs3piaseczno.pl<\/strong>.<br \/>Przeczytamy je i postaramy si\u0119 na wszystkie odpowiedzie\u0107 \u2013 odpowiedzi<br \/>na Wasze w\u0105tpliwo\u015bci zamie\u015bcimy w czasie wirtualnego dnia otwartego na<br \/>stronie naszej szko\u0142y.<\/p>\n<hr \/>\n<p style=\"text-align: center;\"><a href=\"https:\/\/zs3piaseczno.pl\/wp-content\/uploads\/2021\/03\/zasady_rekrutacji_21_22.pdf\" target=\"_blank\" rel=\"noopener\"><strong>Zasady rekrutacji w Zespole Szk\u00f3\u0142 Nr 3<\/strong><\/a><\/p>\n<p style=\"text-align: center;\"><a href=\"https:\/\/zs3piaseczno.pl\/wp-content\/uploads\/2021\/03\/Najczesciej-zadawane-pytania.pdf\" target=\"_blank\" rel=\"noopener\"><strong>Najcz\u0119\u015bciej zadawane pytania dotycz\u0105ce rekrutacji w naszej szkole<\/strong><\/a><\/p>\n<p style=\"text-align: center;\"><a href=\"https:\/\/zs3piaseczno.pl\/wp-content\/uploads\/2021\/03\/harmonogram_dzialan_kandydata_2021.doc.pdf\" target=\"_blank\" rel=\"noopener\"><strong>Harmonogram rekrutacji elektronicznej m.st. Warszawy<\/strong><\/a><\/p>\n<p style=\"text-align: center;\"><a href=\"https:\/\/zs3piaseczno.pl\/wp-content\/uploads\/2021\/03\/czesto_zadawane_pytania_2021.pdf\" target=\"_blank\" rel=\"noopener\"><strong>Najcz\u0119\u015bciej zadawane pytania ze strony edukacja.warszawa.pl<\/strong><\/a><\/p>\n<p style=\"text-align: center;\"><strong><a href=\"https:\/\/www.gov.pl\/attachment\/519f099d-c622-4fdd-8524-40d0b0fcbd0e\" target=\"_blank\" rel=\"noopener\">Harmonogram rekrutacji\u00a0 na rok szkolny 2021\/2022\u00a0<\/a>\u00a0<\/strong><\/p>\n<p style=\"text-align: center;\"><strong><a href=\"https:\/\/www.gov.pl\/web\/edukacja-i-nauka\/terminy-rekrutacji-do-szkol\" target=\"_blank\" rel=\"noopener\">Informacja Ministerstwa Edukacji i Nauki na temat rekrutacji 2021\/2022<\/a><\/strong><\/p>\n<hr \/>\n<p style=\"text-align: center;\">W roku szkolnym 2021\/2022 zapraszamy kandydat\u00f3w do nast\u0119puj\u0105cych oddzia\u0142\u00f3w:<\/p>\n<hr \/>\n<h2 style=\"text-align: center;\"><strong>\u00a0\u00a0\u00a0\u00a0\u00a0\u00a0\u00a0 W III Liceum Og\u00f3lnokszta\u0142c\u0105cym<\/strong><\/h2>\n<ul style=\"text-align: center;\">\n<li style=\"list-style-type: none;\">\n<ul>\n<li style=\"list-style-type: none;\">\n<ul>\n<li>klasa humanistyczna<\/li>\n<li>klasa biologiczno-chemiczna<\/li>\n<li>klasa geograficzno-j\u0119zykowa<\/li>\n<\/ul>\n<\/li>\n<\/ul>\n<\/li>\n<\/ul>\n<hr \/>\n<h3 style=\"text-align: center;\"><strong>\u00a0\u00a0\u00a0\u00a0\u00a0\u00a0\u00a0\u00a0\u00a0 Klasa humanistyczna<\/strong><\/h3>\n<p style=\"padding-left: 80px; text-align: center;\">Przedmioty rozszerzone:<\/p>\n<ul style=\"text-align: center;\">\n<li style=\"list-style-type: none;\">\n<ul>\n<li style=\"list-style-type: none;\">\n<ul>\n<li>j\u0119zyk polski<\/li>\n<li>historia<\/li>\n<li>j\u0119zyk angielski<\/li>\n<\/ul>\n<\/li>\n<\/ul>\n<\/li>\n<\/ul>\n<p style=\"padding-left: 80px; text-align: center;\">J\u0119zyki obce:<\/p>\n<ul style=\"text-align: center;\">\n<li style=\"list-style-type: none;\">\n<ul>\n<li style=\"list-style-type: none;\">\n<ul>\n<li>j\u0119zyk angielski<\/li>\n<li>j\u0119zyk niemiecki<\/li>\n<\/ul>\n<\/li>\n<\/ul>\n<\/li>\n<\/ul>\n<p style=\"padding-left: 80px; text-align: center;\">Przedmioty punktowane podczas rekrutacji:<\/p>\n<ul style=\"text-align: center;\">\n<li style=\"list-style-type: none;\">\n<ul>\n<li style=\"list-style-type: none;\">\n<ul>\n<li>j\u0119zyk polski<\/li>\n<li>matematyka<\/li>\n<li>historia<\/li>\n<li>j\u0119zyk angielski<\/li>\n<\/ul>\n<\/li>\n<\/ul>\n<\/li>\n<\/ul>\n<p style=\"padding-left: 80px; text-align: center;\">Ukierunkowanie na studia wy\u017csze:<\/p>\n<ul style=\"text-align: center;\">\n<li style=\"list-style-type: none;\">\n<ul>\n<li style=\"list-style-type: none;\">\n<ul>\n<li>prawo<\/li>\n<li>filologia polska<\/li>\n<li>historia<\/li>\n<li>socjologii i nauki spo\u0142eczne<\/li>\n<li>dziennikarstwo<\/li>\n<li>stosunki mi\u0119dzynarodowe<\/li>\n<li>europeistyka<\/li>\n<li>kulturoznawstwo i inne kierunki humanistyczne<\/li>\n<\/ul>\n<\/li>\n<\/ul>\n<\/li>\n<\/ul>\n<hr \/>\n<h3 style=\"text-align: center;\">Klasa biologiczno-chemiczna<\/h3>\n<p style=\"padding-left: 80px; text-align: center;\">Przedmioty rozszerzone:<\/p>\n<ul style=\"text-align: center;\">\n<li style=\"list-style-type: none;\">\n<ul>\n<li style=\"list-style-type: none;\">\n<ul>\n<li>biologia<\/li>\n<li>chemia<\/li>\n<li>j\u0119zyk angielski<\/li>\n<\/ul>\n<\/li>\n<\/ul>\n<\/li>\n<\/ul>\n<p style=\"padding-left: 80px; text-align: center;\">J\u0119zyki obce:<\/p>\n<ul style=\"text-align: center;\">\n<li style=\"list-style-type: none;\">\n<ul>\n<li style=\"list-style-type: none;\">\n<ul>\n<li>j\u0119zyk angielski<\/li>\n<li>j\u0119zyk niemiecki<\/li>\n<\/ul>\n<\/li>\n<\/ul>\n<\/li>\n<\/ul>\n<p style=\"padding-left: 80px; text-align: center;\">Przedmioty punktowane podczas rekrutacji:<\/p>\n<ul style=\"text-align: center;\">\n<li style=\"list-style-type: none;\">\n<ul>\n<li style=\"list-style-type: none;\">\n<ul>\n<li>j\u0119zyk polski<\/li>\n<li>matematyka<\/li>\n<li>biologia<\/li>\n<li>chemia<\/li>\n<\/ul>\n<\/li>\n<\/ul>\n<\/li>\n<\/ul>\n<p style=\"padding-left: 80px; text-align: center;\">Ukierunkowanie na studia wy\u017csze:<\/p>\n<ul style=\"text-align: center;\">\n<li style=\"list-style-type: none;\">\n<ul>\n<li style=\"list-style-type: none;\">\n<ul>\n<li>medycyna<\/li>\n<li>stomatologia<\/li>\n<li>farmacja<\/li>\n<li>zdrowie publiczne<\/li>\n<li>biotechnologia<\/li>\n<li>weterynaria<\/li>\n<li>zootechnika<\/li>\n<li>diagnostyka laboratoryjna<\/li>\n<li>\u017cywienie i dietetyka<\/li>\n<li>psychologia<\/li>\n<li>rehabilitacja<\/li>\n<\/ul>\n<\/li>\n<\/ul>\n<\/li>\n<\/ul>\n<hr \/>\n<h3 style=\"text-align: center;\">Klasa geograficzno \u2013 j\u0119zykowa<\/h3>\n<p style=\"padding-left: 80px; text-align: center;\">Przedmioty rozszerzone:<\/p>\n<ul style=\"text-align: center;\">\n<li style=\"list-style-type: none;\">\n<ul>\n<li style=\"list-style-type: none;\">\n<ul>\n<li>j\u0119zyk angielski<\/li>\n<li>wiedza o spo\u0142ecze\u0144stwie<\/li>\n<li>geografia<\/li>\n<\/ul>\n<\/li>\n<\/ul>\n<\/li>\n<\/ul>\n<p style=\"padding-left: 80px; text-align: center;\">J\u0119zyki obce:<\/p>\n<ul style=\"text-align: center;\">\n<li style=\"list-style-type: none;\">\n<ul>\n<li style=\"list-style-type: none;\">\n<ul>\n<li>j\u0119zyk angielski<\/li>\n<li>j\u0119zyk niemiecki<\/li>\n<\/ul>\n<\/li>\n<\/ul>\n<\/li>\n<\/ul>\n<p style=\"padding-left: 80px; text-align: center;\">Przedmioty punktowane:<\/p>\n<ul style=\"text-align: center;\">\n<li style=\"list-style-type: none;\">\n<ul>\n<li style=\"list-style-type: none;\">\n<ul>\n<li>j\u0119zyk polski<\/li>\n<li>matematyka<\/li>\n<li>j\u0119zyk angielski<\/li>\n<li>geografia<\/li>\n<\/ul>\n<\/li>\n<\/ul>\n<\/li>\n<\/ul>\n<p style=\"padding-left: 80px; text-align: center;\">Ukierunkowanie na studia wy\u017csze:<\/p>\n<ul style=\"text-align: center;\">\n<li style=\"list-style-type: none;\">\n<ul>\n<li style=\"list-style-type: none;\">\n<ul>\n<li>socjologii i nauki spo\u0142eczne<\/li>\n<li>stosunki mi\u0119dzynarodowe<\/li>\n<li>turystyka i rekreacja<\/li>\n<li>krajoznawstwo<\/li>\n<li>kierunki filozoficzne<\/li>\n<li>geografia<\/li>\n<li>geologia<\/li>\n<li>geodezja i kartografia<\/li>\n<li>filologia angielska<\/li>\n<li>inne kierunki wymagaj\u0105ce matury z angielskiego, WOS albo geografii<\/li>\n<\/ul>\n<\/li>\n<\/ul>\n<\/li>\n<\/ul>\n<hr \/>\n<h2 style=\"text-align: center;\">\u00a0\u00a0\u00a0\u00a0\u00a0\u00a0\u00a0\u00a0 W Technikum Nr 3<\/h2>\n<ul style=\"text-align: center;\">\n<li style=\"list-style-type: none;\">\n<ul>\n<li style=\"list-style-type: none;\">\n<ul>\n<li>technik ogrodnik<\/li>\n<li>technik hodowca koni<\/li>\n<li>technik architektury krajobrazu<\/li>\n<li>technik weterynarii<\/li>\n<\/ul>\n<\/li>\n<\/ul>\n<\/li>\n<\/ul>\n<hr \/>\n<h3 style=\"text-align: center;\">\u00a0\u00a0\u00a0\u00a0\u00a0\u00a0\u00a0\u00a0\u00a0\u00a0 Technik ogrodnik<\/h3>\n<p style=\"padding-left: 80px; text-align: center;\">Przedmioty rozszerzone:<\/p>\n<ul style=\"text-align: center;\">\n<li style=\"list-style-type: none;\">\n<ul>\n<li style=\"list-style-type: none;\">\n<ul>\n<li>biologia<\/li>\n<\/ul>\n<\/li>\n<\/ul>\n<\/li>\n<\/ul>\n<p style=\"padding-left: 80px; text-align: center;\">J\u0119zyki obce:<\/p>\n<ul style=\"text-align: center;\">\n<li style=\"list-style-type: none;\">\n<ul>\n<li style=\"list-style-type: none;\">\n<ul>\n<li>j\u0119zyk angielski<\/li>\n<li>j\u0119zyk niemiecki<\/li>\n<\/ul>\n<\/li>\n<\/ul>\n<\/li>\n<\/ul>\n<p style=\"padding-left: 80px; text-align: center;\">Przedmioty punktowane podczas rekrutacji:\u00a0<\/p>\n<ul style=\"text-align: center;\">\n<li style=\"list-style-type: none;\">\n<ul>\n<li style=\"list-style-type: none;\">\n<ul>\n<li>j\u0119zyk polski<\/li>\n<li>matematyka<\/li>\n<li>j\u0119zyk angielski<\/li>\n<li>biologia<\/li>\n<\/ul>\n<\/li>\n<\/ul>\n<\/li>\n<\/ul>\n<hr \/>\n<h3 style=\"text-align: center;\">\u00a0\u00a0\u00a0\u00a0\u00a0\u00a0 \u00a0 \u00a0\u00a0 Technik hodowca koni<\/h3>\n<p style=\"padding-left: 80px; text-align: center;\">Przedmioty rozszerzone:<\/p>\n<ul style=\"text-align: center;\">\n<li style=\"list-style-type: none;\">\n<ul>\n<li style=\"list-style-type: none;\">\n<ul>\n<li>biologia<\/li>\n<\/ul>\n<\/li>\n<\/ul>\n<\/li>\n<\/ul>\n<p style=\"padding-left: 80px; text-align: center;\">J\u0119zyki obce:<\/p>\n<ul style=\"text-align: center;\">\n<li style=\"list-style-type: none;\">\n<ul>\n<li style=\"list-style-type: none;\">\n<ul>\n<li>j\u0119zyk angielski<\/li>\n<li>j\u0119zyk niemiecki<\/li>\n<\/ul>\n<\/li>\n<\/ul>\n<\/li>\n<\/ul>\n<p style=\"padding-left: 80px; text-align: center;\">Przedmioty punktowane podczas rekrutacji:\u00a0<\/p>\n<ul style=\"text-align: center;\">\n<li style=\"list-style-type: none;\">\n<ul>\n<li style=\"list-style-type: none;\">\n<ul>\n<li>j\u0119zyk polski<\/li>\n<li>matematyka<\/li>\n<li>j\u0119zyk angielski<\/li>\n<li>biologia<\/li>\n<\/ul>\n<\/li>\n<\/ul>\n<\/li>\n<\/ul>\n<hr \/>\n<h3 style=\"text-align: center;\">\u00a0\u00a0\u00a0\u00a0\u00a0\u00a0\u00a0\u00a0\u00a0\u00a0\u00a0\u00a0 Technik architektury krajobrazu<\/h3>\n<p style=\"padding-left: 80px; text-align: center;\">Przedmioty rozszerzone:<\/p>\n<ul style=\"text-align: center;\">\n<li style=\"list-style-type: none;\">\n<ul>\n<li style=\"list-style-type: none;\">\n<ul>\n<li>geografia<\/li>\n<\/ul>\n<\/li>\n<\/ul>\n<\/li>\n<\/ul>\n<p style=\"padding-left: 80px; text-align: center;\">J\u0119zyki obce:<\/p>\n<ul style=\"text-align: center;\">\n<li style=\"list-style-type: none;\">\n<ul>\n<li style=\"list-style-type: none;\">\n<ul>\n<li>j\u0119zyk angielski<\/li>\n<li>j\u0119zyk niemiecki<\/li>\n<\/ul>\n<\/li>\n<\/ul>\n<\/li>\n<\/ul>\n<p style=\"padding-left: 80px; text-align: center;\">Przedmioty punktowane podczas rekrutacji:\u00a0<\/p>\n<ul style=\"text-align: center;\">\n<li style=\"list-style-type: none;\">\n<ul>\n<li style=\"list-style-type: none;\">\n<ul>\n<li>j\u0119zyk polski<\/li>\n<li>matematyka<\/li>\n<li>j\u0119zyk angielski<\/li>\n<li>geografia<\/li>\n<\/ul>\n<\/li>\n<\/ul>\n<\/li>\n<\/ul>\n<hr \/>\n<h3 style=\"text-align: center;\">\u00a0\u00a0\u00a0\u00a0\u00a0\u00a0\u00a0\u00a0\u00a0 Technik weterynarii<\/h3>\n<p style=\"padding-left: 80px; text-align: center;\">Przedmioty rozszerzone:<\/p>\n<ul style=\"text-align: center;\">\n<li style=\"list-style-type: none;\">\n<ul>\n<li style=\"list-style-type: none;\">\n<ul>\n<li>biologia<\/li>\n<\/ul>\n<\/li>\n<\/ul>\n<\/li>\n<\/ul>\n<p style=\"padding-left: 80px; text-align: center;\">J\u0119zyki obce:<\/p>\n<ul style=\"text-align: center;\">\n<li style=\"list-style-type: none;\">\n<ul>\n<li style=\"list-style-type: none;\">\n<ul>\n<li>j\u0119zyk angielski<\/li>\n<li>j\u0119zyk niemiecki<\/li>\n<\/ul>\n<\/li>\n<\/ul>\n<\/li>\n<\/ul>\n<p style=\"padding-left: 80px; text-align: center;\">Przedmioty punktowane podczas rekrutacji:\u00a0<\/p>\n<ul>\n<li style=\"text-align: center;\">j\u0119zyk polski<\/li>\n<li style=\"text-align: center;\">matematyka<\/li>\n<li style=\"text-align: center;\">j\u0119zyk angielski<\/li>\n<li style=\"text-align: center;\">biologia<\/li>\n<\/ul>\n\n\n<p><\/p>\n","protected":false},"excerpt":{"rendered":"<p>\u00a0 Szanowni Rodzice, drodzy Kandydaci 25 marca 2021 r. od godz. 16:00 zapraszamy na WIRTUALNY DZIE\u0143 OTWARTY Z powodu pandemii nie mo\u017cemy niestetyspotka\u0107 si\u0119 z Wami podczas dnia otwartego w [&hellip;]<\/p>\n","protected":false},"author":1,"featured_media":0,"parent":0,"menu_order":0,"comment_status":"closed","ping_status":"closed","template":"page-templates\/page-full-width.php","meta":[],"_links":{"self":[{"href":"https:\/\/testowa.zs3piaseczno.pl\/index.php?rest_route=\/wp\/v2\/pages\/134"}],"collection":[{"href":"https:\/\/testowa.zs3piaseczno.pl\/index.php?rest_route=\/wp\/v2\/pages"}],"about":[{"href":"https:\/\/testowa.zs3piaseczno.pl\/index.php?rest_route=\/wp\/v2\/types\/page"}],"author":[{"embeddable":true,"href":"https:\/\/testowa.zs3piaseczno.pl\/index.php?rest_route=\/wp\/v2\/users\/1"}],"replies":[{"embeddable":true,"href":"https:\/\/testowa.zs3piaseczno.pl\/index.php?rest_route=%2Fwp%2Fv2%2Fcomments&post=134"}],"version-history":[{"count":16,"href":"https:\/\/testowa.zs3piaseczno.pl\/index.php?rest_route=\/wp\/v2\/pages\/134\/revisions"}],"predecessor-version":[{"id":160,"href":"https:\/\/testowa.zs3piaseczno.pl\/index.php?rest_route=\/wp\/v2\/pages\/134\/revisions\/160"}],"wp:attachment":[{"href":"https:\/\/testowa.zs3piaseczno.pl\/index.php?rest_route=%2Fwp%2Fv2%2Fmedia&parent=134"}],"curies":[{"name":"wp","href":"https:\/\/api.w.org\/{rel}","templated":true}]}}